{"id":895,"date":"2016-02-15T20:18:38","date_gmt":"2016-02-15T20:18:38","guid":{"rendered":"http:\/\/www.weinkraft.at\/?page_id=895"},"modified":"2021-03-28T08:33:47","modified_gmt":"2021-03-28T08:33:47","slug":"homepage","status":"publish","type":"page","link":"https:\/\/weinkraft.at\/","title":{"rendered":"Wein ist Lebensfreude!"},"content":{"rendered":"<div id=\"pl-895\"  class=\"panel-layout\" >\n<div id=\"pg-895-0\"  class=\"panel-grid panel-no-style\"  data-style=\"{&quot;background_display&quot;:&quot;tile&quot;}\" >\n<div id=\"pgc-895-0-0\"  class=\"panel-grid-cell\"  data-weight=\"1\" >\n<div id=\"panel-895-0-0-0\" class=\"so-panel widget widget_text panel-first-child\" data-index=\"0\" data-style=\"{&quot;background_image_attachment&quot;:false,&quot;background_display&quot;:&quot;tile&quot;}\" >\n<h2 class=\"title-heading text-center\">Herzlich Willkommen bei Weinkraft Erwin Meindlhumer<\/h2>\n<div class=\"textwidget\"><\/div>\n<\/p><\/div>\n<div id=\"panel-895-0-0-1\" class=\"so-panel widget widget_text panel-last-child\" data-index=\"1\" data-style=\"{&quot;background_image_attachment&quot;:false,&quot;background_display&quot;:&quot;tile&quot;}\" >\n<div class=\"textwidget\">\n<p>Ich m\u00f6chte euch hiermit mitteilen , dass wir uns entschlossen haben die Firma WEINKRAFT\u00a0 Karin Meindlhumer in ihrer jetztigen Form still zulegen , aus gesundheitlichen Gr\u00fcnden ..<\/p>\n<p>Der Name WEINKRAFT wird weitergef\u00fchrt \u00a0alleine als Wertsch\u00e4tzung gegen\u00fcber meiner Frau Karin. Ich Meindlhumer Erwin habe zu Jahresbeginn das Gewerbe angemeldet und m\u00f6chte zumindest den Handel unseres Sortiments weiter f\u00fchren, das da ist, \u00a0Weine, Schaumweine, Spirituosen\u00a0 div. S\u00e4fte, \u00d6le, Balsamico,\u2026.<\/p>\n<p>Ich w\u00fcrde mich freuen, wenn ihr auch weiterhin der Firma WEINKRAFT verbunden bleibt,. Ich werde mein Bestes geben und die Qualit\u00e4t unserer Ware beibehalten. Wer unser Sortiment kennt weis es zu sch\u00e4tzen, Karin hatte nie etwas im Programm wovon sie nicht \u00fcberzeugt war.<\/p>\n<\/div><\/div>\n<\/div>\n<\/div>\n<\/div>\n","protected":false},"excerpt":{"rendered":"<p>Herzlich Willkommen bei Weinkraft Erwin Meindlhumer Ich m\u00f6chte euch hiermit mitteilen , dass wir uns entschlossen haben die Firma WEINKRAFT\u00a0 Karin Meindlhumer in ihrer jetztigen Form still zulegen , aus gesundheitlichen Gr\u00fcnden .. Der Name WEINKRAFT wird weitergef\u00fchrt \u00a0alleine als Wertsch\u00e4tzung gegen\u00fcber meiner Frau Karin. Ich Meindlhumer Erwin habe zu Jahresbeginn das Gewerbe angemeldet und [&hellip;]<\/p>\n","protected":false},"author":1,"featured_media":0,"parent":0,"menu_order":0,"comment_status":"closed","ping_status":"closed","template":"","meta":{"footnotes":""},"class_list":["post-895","page","type-page","status-publish","hentry"],"_links":{"self":[{"href":"https:\/\/weinkraft.at\/index.php?rest_route=\/wp\/v2\/pages\/895","targetHints":{"allow":["GET"]}}],"collection":[{"href":"https:\/\/weinkraft.at\/index.php?rest_route=\/wp\/v2\/pages"}],"about":[{"href":"https:\/\/weinkraft.at\/index.php?rest_route=\/wp\/v2\/types\/page"}],"author":[{"embeddable":true,"href":"https:\/\/weinkraft.at\/index.php?rest_route=\/wp\/v2\/users\/1"}],"replies":[{"embeddable":true,"href":"https:\/\/weinkraft.at\/index.php?rest_route=%2Fwp%2Fv2%2Fcomments&post=895"}],"version-history":[{"count":15,"href":"https:\/\/weinkraft.at\/index.php?rest_route=\/wp\/v2\/pages\/895\/revisions"}],"predecessor-version":[{"id":2259,"href":"https:\/\/weinkraft.at\/index.php?rest_route=\/wp\/v2\/pages\/895\/revisions\/2259"}],"wp:attachment":[{"href":"https:\/\/weinkraft.at\/index.php?rest_route=%2Fwp%2Fv2%2Fmedia&parent=895"}],"curies":[{"name":"wp","href":"https:\/\/api.w.org\/{rel}","templated":true}]}}