{"id":2236,"date":"2021-03-28T07:43:08","date_gmt":"2021-03-28T07:43:08","guid":{"rendered":"https:\/\/www.weinkraft.at\/?page_id=2236"},"modified":"2021-04-05T07:48:57","modified_gmt":"2021-04-05T07:48:57","slug":"wein-sortiment-2","status":"publish","type":"page","link":"https:\/\/weinkraft.at\/?page_id=2236","title":{"rendered":"Wein Sortiment"},"content":{"rendered":"\n<div class=\"wp-block-media-text alignwide is-stacked-on-mobile\"><figure class=\"wp-block-media-text__media\"><img loading=\"lazy\" decoding=\"async\" width=\"511\" height=\"768\" src=\"https:\/\/www.weinkraft.at\/wp-content\/uploads\/IMG_6309-1.jpg\" alt=\"\" class=\"wp-image-2297 size-full\" srcset=\"https:\/\/weinkraft.at\/wp-content\/uploads\/IMG_6309-1.jpg 511w, https:\/\/weinkraft.at\/wp-content\/uploads\/IMG_6309-1-200x300.jpg 200w\" sizes=\"auto, (max-width: 511px) 100vw, 511px\" \/><\/figure><div class=\"wp-block-media-text__content\">\n<p class=\"has-large-font-size\">Weingut Dockner TOM <\/p>\n\n\n\n<p class=\"has-large-font-size\">Theyern- Traisental<\/p>\n<\/div><\/div>\n\n\n\n<div class=\"wp-block-media-text alignwide is-stacked-on-mobile\"><figure class=\"wp-block-media-text__media\"><img loading=\"lazy\" decoding=\"async\" width=\"511\" height=\"768\" src=\"https:\/\/www.weinkraft.at\/wp-content\/uploads\/IMG_6310.jpg\" alt=\"\" class=\"wp-image-2298 size-full\" srcset=\"https:\/\/weinkraft.at\/wp-content\/uploads\/IMG_6310.jpg 511w, https:\/\/weinkraft.at\/wp-content\/uploads\/IMG_6310-200x300.jpg 200w\" sizes=\"auto, (max-width: 511px) 100vw, 511px\" \/><\/figure><div class=\"wp-block-media-text__content\">\n<p class=\"has-large-font-size\">Weingut STIFT R\u00f6schitz-Weinviertel<\/p>\n<\/div><\/div>\n\n\n\n<div class=\"wp-block-media-text alignwide is-stacked-on-mobile\"><figure class=\"wp-block-media-text__media\"><img loading=\"lazy\" decoding=\"async\" width=\"511\" height=\"768\" src=\"https:\/\/www.weinkraft.at\/wp-content\/uploads\/IMG_6312.jpg\" alt=\"\" class=\"wp-image-2301 size-full\" srcset=\"https:\/\/weinkraft.at\/wp-content\/uploads\/IMG_6312.jpg 511w, https:\/\/weinkraft.at\/wp-content\/uploads\/IMG_6312-200x300.jpg 200w\" sizes=\"auto, (max-width: 511px) 100vw, 511px\" \/><\/figure><div class=\"wp-block-media-text__content\">\n<p class=\"has-large-font-size\">Weingut SCHULLER<\/p>\n\n\n\n<p class=\"has-large-font-size\">Oggau-Neusiedlersee-H\u00fcgelland<\/p>\n<\/div><\/div>\n\n\n\n<div class=\"wp-block-media-text alignwide is-stacked-on-mobile\"><figure class=\"wp-block-media-text__media\"><img loading=\"lazy\" decoding=\"async\" width=\"494\" height=\"768\" src=\"https:\/\/www.weinkraft.at\/wp-content\/uploads\/IMG_6315.jpg\" alt=\"\" class=\"wp-image-2302 size-full\" srcset=\"https:\/\/weinkraft.at\/wp-content\/uploads\/IMG_6315.jpg 494w, https:\/\/weinkraft.at\/wp-content\/uploads\/IMG_6315-193x300.jpg 193w\" sizes=\"auto, (max-width: 494px) 100vw, 494px\" \/><\/figure><div class=\"wp-block-media-text__content\">\n<p class=\"has-large-font-size\">Weingut PERNER Ehrenhausen-S\u00fcdsteiermark<\/p>\n<\/div><\/div>\n\n\n\n<div class=\"wp-block-media-text alignwide is-stacked-on-mobile\"><figure class=\"wp-block-media-text__media\"><img loading=\"lazy\" decoding=\"async\" width=\"511\" height=\"768\" src=\"https:\/\/www.weinkraft.at\/wp-content\/uploads\/IMG_6318.jpg\" alt=\"\" class=\"wp-image-2303 size-full\" srcset=\"https:\/\/weinkraft.at\/wp-content\/uploads\/IMG_6318.jpg 511w, https:\/\/weinkraft.at\/wp-content\/uploads\/IMG_6318-200x300.jpg 200w\" sizes=\"auto, (max-width: 511px) 100vw, 511px\" \/><\/figure><div class=\"wp-block-media-text__content\">\n<p class=\"has-large-font-size\">Weingut WALDSCH\u00dcTZ <\/p>\n\n\n\n<p class=\"has-large-font-size\">Strass-Kamptal<\/p>\n<\/div><\/div>\n\n\n\n<div class=\"wp-block-media-text alignwide is-stacked-on-mobile\"><figure class=\"wp-block-media-text__media\"><img loading=\"lazy\" decoding=\"async\" width=\"511\" height=\"768\" src=\"https:\/\/www.weinkraft.at\/wp-content\/uploads\/IMG_6320.jpg\" alt=\"\" class=\"wp-image-2304 size-full\" srcset=\"https:\/\/weinkraft.at\/wp-content\/uploads\/IMG_6320.jpg 511w, https:\/\/weinkraft.at\/wp-content\/uploads\/IMG_6320-200x300.jpg 200w\" sizes=\"auto, (max-width: 511px) 100vw, 511px\" \/><\/figure><div class=\"wp-block-media-text__content\">\n<p class=\"has-large-font-size\">Weingut FRAUWALLNER Straden- Stmk.<\/p>\n<\/div><\/div>\n\n\n\n<div class=\"wp-block-media-text alignwide is-stacked-on-mobile\"><figure class=\"wp-block-media-text__media\"><img loading=\"lazy\" decoding=\"async\" width=\"511\" height=\"768\" src=\"https:\/\/www.weinkraft.at\/wp-content\/uploads\/IMG_6322.jpg\" alt=\"\" class=\"wp-image-2305 size-full\" srcset=\"https:\/\/weinkraft.at\/wp-content\/uploads\/IMG_6322.jpg 511w, https:\/\/weinkraft.at\/wp-content\/uploads\/IMG_6322-200x300.jpg 200w\" sizes=\"auto, (max-width: 511px) 100vw, 511px\" \/><\/figure><div class=\"wp-block-media-text__content\">\n<p class=\"has-large-font-size\">Weingut SANCIN<\/p>\n\n\n\n<p class=\"has-large-font-size\">San Dorligo della Valle ITA<\/p>\n<\/div><\/div>\n\n\n\n<div class=\"wp-block-media-text alignwide is-stacked-on-mobile\"><figure class=\"wp-block-media-text__media\"><img loading=\"lazy\" decoding=\"async\" width=\"511\" height=\"768\" src=\"https:\/\/www.weinkraft.at\/wp-content\/uploads\/IMG_6325.jpg\" alt=\"\" class=\"wp-image-2306 size-full\" srcset=\"https:\/\/weinkraft.at\/wp-content\/uploads\/IMG_6325.jpg 511w, https:\/\/weinkraft.at\/wp-content\/uploads\/IMG_6325-200x300.jpg 200w\" sizes=\"auto, (max-width: 511px) 100vw, 511px\" \/><\/figure><div class=\"wp-block-media-text__content\">\n<p class=\"has-large-font-size\">Weingut WENDELIN Mathias<\/p>\n\n\n\n<p class=\"has-large-font-size\">Gols-Neusiedlersee<\/p>\n<\/div><\/div>\n\n\n\n<div class=\"wp-block-media-text alignwide is-stacked-on-mobile\"><figure class=\"wp-block-media-text__media\"><img loading=\"lazy\" decoding=\"async\" width=\"511\" height=\"768\" src=\"https:\/\/www.weinkraft.at\/wp-content\/uploads\/IMG_6328.jpg\" alt=\"\" class=\"wp-image-2307 size-full\" srcset=\"https:\/\/weinkraft.at\/wp-content\/uploads\/IMG_6328.jpg 511w, https:\/\/weinkraft.at\/wp-content\/uploads\/IMG_6328-200x300.jpg 200w\" sizes=\"auto, (max-width: 511px) 100vw, 511px\" \/><\/figure><div class=\"wp-block-media-text__content\">\n<p class=\"has-large-font-size\">Weingut AMON Kleinhadersdorf-Weinviertel<\/p>\n<\/div><\/div>\n\n\n\n<div class=\"wp-block-media-text alignwide is-stacked-on-mobile\"><figure class=\"wp-block-media-text__media\"><img loading=\"lazy\" decoding=\"async\" width=\"511\" height=\"768\" src=\"https:\/\/www.weinkraft.at\/wp-content\/uploads\/IMG_6332.jpg\" alt=\"\" class=\"wp-image-2308 size-full\" srcset=\"https:\/\/weinkraft.at\/wp-content\/uploads\/IMG_6332.jpg 511w, https:\/\/weinkraft.at\/wp-content\/uploads\/IMG_6332-200x300.jpg 200w\" sizes=\"auto, (max-width: 511px) 100vw, 511px\" \/><\/figure><div class=\"wp-block-media-text__content\">\n<p class=\"has-large-font-size\">Weingut SCHWARZB\u00d6CK Hagenbrunn- Weinviertel<\/p>\n<\/div><\/div>\n\n\n\n<div class=\"wp-block-media-text alignwide is-stacked-on-mobile\"><figure class=\"wp-block-media-text__media\"><img loading=\"lazy\" decoding=\"async\" width=\"511\" height=\"768\" src=\"https:\/\/www.weinkraft.at\/wp-content\/uploads\/IMG_6333.jpg\" alt=\"\" class=\"wp-image-2309 size-full\" srcset=\"https:\/\/weinkraft.at\/wp-content\/uploads\/IMG_6333.jpg 511w, https:\/\/weinkraft.at\/wp-content\/uploads\/IMG_6333-200x300.jpg 200w\" sizes=\"auto, (max-width: 511px) 100vw, 511px\" \/><\/figure><div class=\"wp-block-media-text__content\">\n<p class=\"has-large-font-size\">Weingut ERNST Gro\u00dfwiesendorf &#8211; Wagram<\/p>\n<\/div><\/div>\n\n\n\n<div class=\"wp-block-media-text alignwide is-stacked-on-mobile\"><figure class=\"wp-block-media-text__media\"><img loading=\"lazy\" decoding=\"async\" width=\"511\" height=\"768\" src=\"https:\/\/www.weinkraft.at\/wp-content\/uploads\/IMG_6335.jpg\" alt=\"\" class=\"wp-image-2310 size-full\" srcset=\"https:\/\/weinkraft.at\/wp-content\/uploads\/IMG_6335.jpg 511w, https:\/\/weinkraft.at\/wp-content\/uploads\/IMG_6335-200x300.jpg 200w\" sizes=\"auto, (max-width: 511px) 100vw, 511px\" \/><\/figure><div class=\"wp-block-media-text__content\">\n<p class=\"has-large-font-size\">Weingut NIMMERVOLL Engelmannsbrunn &#8211; Wagram<\/p>\n<\/div><\/div>\n\n\n\n<div class=\"wp-block-media-text alignwide is-stacked-on-mobile\"><figure class=\"wp-block-media-text__media\"><img loading=\"lazy\" decoding=\"async\" width=\"511\" height=\"768\" src=\"https:\/\/www.weinkraft.at\/wp-content\/uploads\/IMG_6337.jpg\" alt=\"\" class=\"wp-image-2311 size-full\" srcset=\"https:\/\/weinkraft.at\/wp-content\/uploads\/IMG_6337.jpg 511w, https:\/\/weinkraft.at\/wp-content\/uploads\/IMG_6337-200x300.jpg 200w\" sizes=\"auto, (max-width: 511px) 100vw, 511px\" \/><\/figure><div class=\"wp-block-media-text__content\">\n<p class=\"has-large-font-size\">Weingut LANDAUER Rust &#8211; Neusiedlersee<\/p>\n<\/div><\/div>\n\n\n\n<div class=\"wp-block-media-text alignwide is-stacked-on-mobile\"><figure class=\"wp-block-media-text__media\"><img loading=\"lazy\" decoding=\"async\" width=\"511\" height=\"768\" src=\"https:\/\/www.weinkraft.at\/wp-content\/uploads\/IMG_6340.jpg\" alt=\"\" class=\"wp-image-2312 size-full\" srcset=\"https:\/\/weinkraft.at\/wp-content\/uploads\/IMG_6340.jpg 511w, https:\/\/weinkraft.at\/wp-content\/uploads\/IMG_6340-200x300.jpg 200w\" sizes=\"auto, (max-width: 511px) 100vw, 511px\" \/><\/figure><div class=\"wp-block-media-text__content\">\n<p class=\"has-large-font-size\">Weingut WENDELIN Andreas<\/p>\n\n\n\n<p class=\"has-large-font-size\">Gols &#8211; Neusiedlersee<\/p>\n<\/div><\/div>\n\n\n\n<div class=\"wp-block-media-text alignwide is-stacked-on-mobile\"><figure class=\"wp-block-media-text__media\"><img loading=\"lazy\" decoding=\"async\" width=\"511\" height=\"768\" src=\"https:\/\/www.weinkraft.at\/wp-content\/uploads\/IMG_6344.jpg\" alt=\"\" class=\"wp-image-2313 size-full\" srcset=\"https:\/\/weinkraft.at\/wp-content\/uploads\/IMG_6344.jpg 511w, https:\/\/weinkraft.at\/wp-content\/uploads\/IMG_6344-200x300.jpg 200w\" sizes=\"auto, (max-width: 511px) 100vw, 511px\" \/><\/figure><div class=\"wp-block-media-text__content\">\n<p class=\"has-large-font-size\">ILIOS-gr\u00fcnes Gold<\/p>\n\n\n\n<p class=\"has-large-font-size\">Oliven\u00f6l &#8211; Ottensheim<\/p>\n<\/div><\/div>\n\n\n\n<div class=\"wp-block-media-text alignwide is-stacked-on-mobile\"><figure class=\"wp-block-media-text__media\"><img loading=\"lazy\" decoding=\"async\" width=\"300\" height=\"400\" src=\"http:\/\/www.weinkraft.at\/wp-content\/uploads\/Apfel-Balsam-6-Jahre-mit-Verpackung.jpg\" alt=\"\" class=\"wp-image-1961 size-full\" srcset=\"https:\/\/weinkraft.at\/wp-content\/uploads\/Apfel-Balsam-6-Jahre-mit-Verpackung.jpg 300w, https:\/\/weinkraft.at\/wp-content\/uploads\/Apfel-Balsam-6-Jahre-mit-Verpackung-225x300.jpg 225w\" sizes=\"auto, (max-width: 300px) 100vw, 300px\" \/><\/figure><div class=\"wp-block-media-text__content\">\n<p class=\"has-large-font-size\">Acetaia PECORARO-Klosterneuburg\u00a0\u00a0\u00a0<\/p>\n<\/div><\/div>\n","protected":false},"excerpt":{"rendered":"<p>Weingut Dockner TOM Theyern- Traisental Weingut STIFT R\u00f6schitz-Weinviertel Weingut SCHULLER Oggau-Neusiedlersee-H\u00fcgelland Weingut PERNER Ehrenhausen-S\u00fcdsteiermark Weingut WALDSCH\u00dcTZ Strass-Kamptal Weingut FRAUWALLNER Straden- Stmk. Weingut SANCIN San Dorligo della Valle ITA Weingut WENDELIN Mathias Gols-Neusiedlersee Weingut AMON Kleinhadersdorf-Weinviertel Weingut SCHWARZB\u00d6CK Hagenbrunn- Weinviertel Weingut ERNST Gro\u00dfwiesendorf &#8211; Wagram Weingut NIMMERVOLL Engelmannsbrunn &#8211; Wagram Weingut LANDAUER Rust &#8211; Neusiedlersee Weingut [&hellip;]<\/p>\n","protected":false},"author":1,"featured_media":0,"parent":0,"menu_order":0,"comment_status":"closed","ping_status":"closed","template":"","meta":{"footnotes":""},"class_list":["post-2236","page","type-page","status-publish","hentry"],"_links":{"self":[{"href":"https:\/\/weinkraft.at\/index.php?rest_route=\/wp\/v2\/pages\/2236","targetHints":{"allow":["GET"]}}],"collection":[{"href":"https:\/\/weinkraft.at\/index.php?rest_route=\/wp\/v2\/pages"}],"about":[{"href":"https:\/\/weinkraft.at\/index.php?rest_route=\/wp\/v2\/types\/page"}],"author":[{"embeddable":true,"href":"https:\/\/weinkraft.at\/index.php?rest_route=\/wp\/v2\/users\/1"}],"replies":[{"embeddable":true,"href":"https:\/\/weinkraft.at\/index.php?rest_route=%2Fwp%2Fv2%2Fcomments&post=2236"}],"version-history":[{"count":5,"href":"https:\/\/weinkraft.at\/index.php?rest_route=\/wp\/v2\/pages\/2236\/revisions"}],"predecessor-version":[{"id":2316,"href":"https:\/\/weinkraft.at\/index.php?rest_route=\/wp\/v2\/pages\/2236\/revisions\/2316"}],"wp:attachment":[{"href":"https:\/\/weinkraft.at\/index.php?rest_route=%2Fwp%2Fv2%2Fmedia&parent=2236"}],"curies":[{"name":"wp","href":"https:\/\/api.w.org\/{rel}","templated":true}]}}