{"id":1860,"date":"2018-05-25T21:21:03","date_gmt":"2018-05-25T21:21:03","guid":{"rendered":"http:\/\/www.weinkraft.at\/?page_id=1860"},"modified":"2021-04-05T07:32:28","modified_gmt":"2021-04-05T07:32:28","slug":"datenschutzerklaerung","status":"publish","type":"page","link":"https:\/\/weinkraft.at\/?page_id=1860","title":{"rendered":"Rechtliche Hinweise"},"content":{"rendered":"<h1><\/h1>\n<p>Impressum<\/p>\n<h3 style=\"text-align: center;\"><strong>Erwin Meindlhumer<\/strong><\/h3>\n<p style=\"text-align: center;\">Styriastra\u00dfe 21 \/ 4713 Gallspach<\/p>\n<p><strong>E-Mail \/ Telefon: \u00a0 \u00a0 \u00a0 \u00a0 \u00a0 \u00a0 \u00a0 \u00a0 \u00a0 \u00a0 \u00a0 \u00a0 \u00a0 \u00a0 \u00a0<\/strong>office@weinkraft.at \/ 0664 \u00a04383264<\/p>\n<p><strong>Unternehmensgegenstand:<\/strong>\u00a0 \u00a0 \u00a0 \u00a0 \u00a0 \u00a0Vertrieb von Wein<\/p>\n<p><strong>UID-Nummer \/ Berufsrecht: \u00a0 \u00a0 \u00a0 \u00a0 \u00a0\u00a0<\/strong>ATU 64247309 \/\u00a0Gewerbeordnung 1994<\/p>\n<p><strong>Aufsichtsbeh\u00f6rde: \u00a0 \u00a0 \u00a0 \u00a0 \u00a0 \u00a0 \u00a0 \u00a0 \u00a0 \u00a0 \u00a0 \u00a0 \u00a0\u00a0<\/strong>Bezirkshauptmannschaft Grieskirchen<\/p>\n<p>An dieser Stelle weisen wir darauf hin, dass wir, bedingt durch die technischen Gegebenheiten des Internets,\u00a0keine rechtliche Verantwortung f\u00fcr den Inhalt der Links dieser Website \u00fcbernehmen k\u00f6nnen. \u00a0Die rechtliche Verantwortung liegt ausschlie\u00dflich bei den Betreibern dieser Seiten. Gleichzeitig distanzieren wir<br \/>\nuns ausdr\u00fccklich von allen etwaigen rechtswidrigen Inhalten dieser Seiten oder etwaigen weiterf\u00fchrenden Hyperlinks mit rechtswidrigen oder anst\u00f6\u00dfigen Inhalten. Falls Sie auf unserer Site aus wider Erwarten zu fragw\u00fcrdigen Inhalten weiterverbunden werden sollten, sind wir Ihnen f\u00fcr einen Hinweis sehr dankbar. Wir werden diesem Hinweis dann so rasch wie m\u00f6glich nachgehen.<\/p>\n<p>Alle Bilder die auf dieser Seite verwendet werden befinden sich im Privatbesitz von Weinkraft Karin Meindlhumer bzw. werden von der Seite www.pixabay.at von unterschiedlichen Personen bezogen und f\u00fcr diese Bilder besitzt Weinkraft Karin Meindlhumer keine Rechte.<\/p>\n<p>Datenschutzerkl\u00e4rung<\/p>\n<h4>1.\u00a0Information \u00fcber die Erhebung personenbezogener Daten<\/h4>\n<p>(1) Im Folgenden informieren wir \u00fcber die Erhebung personenbezogener Daten bei Nutzung unserer Website. Personenbezogene Daten sind alle Daten, die auf Sie pers\u00f6nlich beziehbar sind, z. B. Name, Adresse, E-Mail-Adressen, Nutzerverhalten.<\/p>\n<p>(2) Verantwortlicher gem. Art. 4 Abs. 7 EU-Datenschutz-Grundverordnung (DS-GVO) ist Erwin Meindlhumer, Styriastra\u00dfe 21, 4713 Gallspach, office@weinkraft.at (siehe unser Impressum).<\/p>\n<p>(3) Bei Ihrer Kontaktaufnahme mit uns per E-Mail oder \u00fcber ein Kontaktformular werden die von Ihnen mitgeteilten Daten (Ihre E-Mail-Adresse, ggf. Ihr Name und Ihre Telefonnummer) von uns gespeichert, um Ihre Fragen zu beantworten. Die in diesem Zusammenhang anfallenden Daten l\u00f6schen wir, nachdem die Speicherung nicht mehr erforderlich ist, oder schr\u00e4nken die Verarbeitung ein, falls gesetzliche Aufbewahrungspflichten bestehen.<\/p>\n<p>(4) Falls wir f\u00fcr einzelne Funktionen unseres Angebots auf beauftragte Dienstleister zur\u00fcckgreifen oder Ihre Daten f\u00fcr werbliche Zwecke nutzen m\u00f6chten, werden wir Sie untenstehend im Detail \u00fcber die jeweiligen Vorg\u00e4nge informieren. Dabei nennen wir auch die festgelegten Kriterien der Speicherdauer.<\/p>\n<h4>2. Ihre Rechte<\/h4>\n<p>(1) Sie haben gegen\u00fcber uns folgende Rechte hinsichtlich der Sie betreffenden personenbezogenen Daten:<\/p>\n<ul>\n<li>Recht auf Auskunft<\/li>\n<li>Recht auf Berichtigung oder L\u00f6schung,<\/li>\n<li>Recht auf Einschr\u00e4nkung der Verarbeitung,<\/li>\n<li>Recht auf Widerspruch gegen die Verarbeitung,<\/li>\n<li>Recht auf Daten\u00fcbertragbarkeit.<\/li>\n<\/ul>\n<p>(2) Sie haben zudem das Recht, sich bei einer Datenschutz-Aufsichtsbeh\u00f6rde \u00fcber die Verarbeitung Ihrer personenbezogenen Daten durch uns zu beschweren.<\/p>\n<h4>3.\u00a0Erhebung personenbezogener Daten bei Besuch unserer Website<\/h4>\n<p>(1) Bei der blo\u00df informatorischen Nutzung der Website, also wenn Sie sich nicht registrieren oder uns anderweitig Informationen \u00fcbermitteln, erheben wir nur die personenbezogenen Daten, die Ihr Browser an unseren Server \u00fcbermittelt. Wenn Sie unsere Website betrachten m\u00f6chten, erheben wir die folgenden Daten, die f\u00fcr uns technisch erforderlich sind, um Ihnen unsere Website anzuzeigen und die Stabilit\u00e4t und Sicherheit zu gew\u00e4hrleisten (Rechtsgrundlage ist Art. 6 Abs. 1 S. 1 lit. f DS-GVO):<\/p>\n<ul>\n<li>IP-Adresse<\/li>\n<li>Datum und Uhrzeit der Anfrage<\/li>\n<li>Zeitzonendifferenz zur Greenwich Mean Time (GMT)<\/li>\n<li>Inhalt der Anforderung (konkrete Seite)<\/li>\n<li>Zugriffstatus\/HTTP-Statuscode<\/li>\n<li>jeweils \u00fcbertragene Datenmenge<\/li>\n<li>Website, von der die Anforderung kommt<\/li>\n<li>Browser<\/li>\n<li>Betriebssystem und dessen Oberfl\u00e4che<\/li>\n<li>Sprache und Version der Browsersoftware<\/li>\n<\/ul>\n<p>Wir erheben personenbezogene Daten (zB bei Webshop, E-Mail, Telefon, Fax, Postkarte, im Gesch\u00e4ftsladen), bei freiwilliger Bekanntgabe, f\u00fcr folgende Zwecke:<\/p>\n<ul>\n<li>f\u00fcr den Bestellprozess<\/li>\n<li>f\u00fcr die Registrierung des individuellen Kundenzugangs<\/li>\n<li>f\u00fcr das Abonnieren unseres Newsletters<\/li>\n<li>f\u00fcr Werbema\u00dfnahmen<\/li>\n<li>f\u00fcr angeforderte Informationen<\/li>\n<li>bei Kontakt- und Serviceanfragen<\/li>\n<li>bei Abgabe einer Produktbewertung<\/li>\n<li>f\u00fcr Handels- und steuerrechtliche Speicherung<\/li>\n<li>Bonit\u00e4tspr\u00fcfung<\/li>\n<\/ul>\n<p>(2) Zus\u00e4tzlich zu den zuvor genannten Daten werden bei Ihrer Nutzung unserer Website Cookies auf Ihrem Rechner gespeichert. Bei Cookies handelt es sich um kleine Textdateien, die auf Ihrer Festplatte dem von Ihnen verwendeten Browser zugeordnet gespeichert werden und durch welche der Stelle, die den Cookie setzt (hier durch uns), bestimmte Informationen zuflie\u00dfen. Cookies k\u00f6nnen keine Programme ausf\u00fchren oder Viren auf Ihren Computer \u00fcbertragen. Sie dienen dazu, das Internetangebot insgesamt nutzerfreundlicher und effektiver zu machen.<\/p>\n<h4>4. Einsatz von Cookies<\/h4>\n<p>a)\u00a0Diese Website nutzt folgende Arten von Cookies, deren Umfang und Funktionsweise im Folgenden erl\u00e4utert werden:<\/p>\n<ul>\n<li>Notwendige Cookies (dazu b)<\/li>\n<li>Analytische- \/Leistungs-Cookies (dazu c)<\/li>\n<li>Funktional Cookies (dazu d).<\/li>\n<\/ul>\n<p>b)\u00a0Diese Cookies sind notwendig, um den Betrieb unserer Website zu erm\u00f6glichen. Dazu geh\u00f6ren beispielsweise Cookies, die es Ihnen erm\u00f6glichen, sich in den Kundenbereich einzuloggen, oder etwas in den Warenkorb zu legen.<\/p>\n<p>c)\u00a0Diese Cookies erm\u00f6glichen es anonymisierte Daten \u00fcber das Nutzungsverhalten unserer Besucher zu sammeln. Diese werden von uns dann ausgewertet, um beispielsweise die Funktionalit\u00e4t der Website zu verbessern und Ihnen interessante Angebote anzuzeigen.<\/p>\n<p>d)\u00a0Diese Cookies werden f\u00fcr bestimmte Funktionalit\u00e4ten unserer Website verwendet.<\/p>\n<h4>5. Kontakt mit uns\/Bestellung<\/h4>\n<p>Wenn Sie per Formular auf der Website, per E-Mail oder per Telefon Kontakt mit uns aufnehmen, werden Ihre angegebenen Daten zwecks Bearbeitung der Anfrage und f\u00fcr den Fall von Anschlussfragen bei uns gespeichert. Die Weitergabe der von Kundendaten erfolgt nur insoweit, als das zur Vertragsabwicklung notwendig ist.<\/p>\n<p>Eine Weitergabe der Daten erfolgt insbesondere in folgenden F\u00e4llen:<\/p>\n<ul>\n<li>Adressdaten (in digitaler Form) an Paketdienstleister (Post, DHL, GLS,, DPD etc) zwecks Lieferung<\/li>\n<li>Adressdaten (in digitaler Form) an Mailingdienstleister wie Druckereien zur Personalisierung der Werbesendung<\/li>\n<li>Zahlungsdaten an Kreditinstitute bzw. Zahlungsintermedi\u00e4re zur Abwicklung von Zahlungen<\/li>\n<li>an Inkassounternehmen bei Abtretung der Forderung<\/li>\n<\/ul>\n<p>Ihre f\u00fcr die Gesch\u00e4ftsabwicklung notwendigen Daten werden gespeichert und sofern es f\u00fcr die Auftragsabwicklung und die Bewerbung unseres eigenen Produkt- und Dienstleistungsangebotes erforderlich ist, zur Kundenbetreuung, zur Auslieferung und Vertragserf\u00fcllung sowie zur Erstellung und zum Versand von Werbematerialien \u00fcbermittelt.<\/p>\n<p>Unsere Partner (\u00f6sterreichische Post AG, GLS, DHL etc&#8230;) wurden von uns sorgf\u00e4ltig ausgew\u00e4hlt und sind uns gegen\u00fcber gem\u00e4\u00df den gesetzlichen Bestimmungen zum vertrauensvollen Umgang mit Ihren Daten sowie zur Beachtung unserer eigenen Datenschutzstandards verpflichtet. Insbesondere ist es unseren Partnern nicht gestattet, die Daten unserer Kunden f\u00fcr eigene oder werbliche Zwecke an Dritte weiterzugeben.<\/p>\n<h4>6. Erhalt von Werbenachrichten<\/h4>\n<p>Sie erkl\u00e4ren sich damit einverstanden, dass Ihr Name, Ihr Geburtsdatum, Ihre Adresse sowie bei ausdr\u00fccklicher Zustimmung auch Ihre E-Mail Adresse und Ihre Telefonnummer genutzt und an nachfolgende Kooperationspartner weitergeleitet werden und sind damit einverstanden, sowohl von uns als auch von den nachfolgend angef\u00fchrten Kooperationspartnern Informationsmaterial zu Werbezwecken (zB Newsletter, Produkt- oder Dienstleistungsinformationen, etc.) per Post, per SMS, per Telefonanruf oder per E-Mail zu erhalten.<\/p>\n<p>Diese Zustimmung kann von Ihnen jederzeit widerrufen werden. Wenden Sie sich in diesem Fall bitte an uns.<\/p>\n<h4>7. E-Mail-Newsletter<\/h4>\n<p>1. Hinweis in den Datenschutzbestimmungen<\/p>\n<p>Wenn Sie bei uns Waren kaufen oder Dienstleistungen in Anspruch nehmen, werden wir Ihnen in Zukunft Informations-E-Mails f\u00fcr \u00e4hnliche Waren oder Dienstleistungen zusenden. Sie k\u00f6nnen jederzeit verlangen, von uns keine solchen Informations-E-Mails mehr zu erhalten. Wenden Sie sich dazu bitte per E-Mail an die im Impressum angegebenen Kontaktdaten oder klicken Sie auf den Link am Ende der Informations-E-Mails. Dabei entstehen Ihnen keine anderen als die \u00dcbermittlungskosten nach den Basistarifen.<\/p>\n<p>2. Hinweis bei Erhebung der Adresse<\/p>\n<p>Wir nutzen Ihre E-Mail-Adresse neben der Vertragsabwicklung, um Sie per E-Mail \u00fcber \u00e4hnliche Waren\/Dienstleistungen zu informieren. Ihre Einwilligung in den Versand ist jederzeit widerruflich, ohne dass Ihnen dabei andere als die \u00dcbermittlungskosten nach den Basistarifen entstehen. Die Verarbeitung Ihrer Daten erfolgt entsprechend unserer Datenschutzerkl\u00e4rung.<\/p>\n","protected":false},"excerpt":{"rendered":"<p>Impressum Erwin Meindlhumer Styriastra\u00dfe 21 \/ 4713 Gallspach E-Mail \/ Telefon: \u00a0 \u00a0 \u00a0 \u00a0 \u00a0 \u00a0 \u00a0 \u00a0 \u00a0 \u00a0 \u00a0 \u00a0 \u00a0 \u00a0 \u00a0office@weinkraft.at \/ 0664 \u00a04383264 Unternehmensgegenstand:\u00a0 \u00a0 \u00a0 \u00a0 \u00a0 \u00a0Vertrieb von Wein UID-Nummer \/ Berufsrecht: \u00a0 \u00a0 \u00a0 \u00a0 \u00a0\u00a0ATU 64247309 \/\u00a0Gewerbeordnung 1994 Aufsichtsbeh\u00f6rde: \u00a0 \u00a0 \u00a0 \u00a0 \u00a0 \u00a0 [&hellip;]<\/p>\n","protected":false},"author":2,"featured_media":0,"parent":0,"menu_order":0,"comment_status":"closed","ping_status":"closed","template":"","meta":{"footnotes":""},"class_list":["post-1860","page","type-page","status-publish","hentry"],"_links":{"self":[{"href":"https:\/\/weinkraft.at\/index.php?rest_route=\/wp\/v2\/pages\/1860","targetHints":{"allow":["GET"]}}],"collection":[{"href":"https:\/\/weinkraft.at\/index.php?rest_route=\/wp\/v2\/pages"}],"about":[{"href":"https:\/\/weinkraft.at\/index.php?rest_route=\/wp\/v2\/types\/page"}],"author":[{"embeddable":true,"href":"https:\/\/weinkraft.at\/index.php?rest_route=\/wp\/v2\/users\/2"}],"replies":[{"embeddable":true,"href":"https:\/\/weinkraft.at\/index.php?rest_route=%2Fwp%2Fv2%2Fcomments&post=1860"}],"version-history":[{"count":12,"href":"https:\/\/weinkraft.at\/index.php?rest_route=\/wp\/v2\/pages\/1860\/revisions"}],"predecessor-version":[{"id":2293,"href":"https:\/\/weinkraft.at\/index.php?rest_route=\/wp\/v2\/pages\/1860\/revisions\/2293"}],"wp:attachment":[{"href":"https:\/\/weinkraft.at\/index.php?rest_route=%2Fwp%2Fv2%2Fmedia&parent=1860"}],"curies":[{"name":"wp","href":"https:\/\/api.w.org\/{rel}","templated":true}]}}